{"id":1478,"date":"2024-09-30T17:19:35","date_gmt":"2024-09-30T14:19:35","guid":{"rendered":"https:\/\/factcheck.lt\/?page_id=1478"},"modified":"2025-09-15T18:54:17","modified_gmt":"2025-09-15T15:54:17","slug":"","status":"publish","type":"page","link":"https:\/\/factcheck.lt\/lt\/suggest_topic\/","title":{"rendered":"Pasi\u016blyti tem\u0105","raw":"Pasi\u016blyti tem\u0105"},"content":{"rendered":"","protected":false,"raw":""},"excerpt":{"rendered":"","protected":false,"raw":""},"author":1,"featured_media":0,"parent":0,"menu_order":0,"comment_status":"closed","ping_status":"closed","template":"","meta":{"_ru_post_content":"[contactform]","_ru_post_name":"suggest_topic","_ru_post_excerpt":"","_ru_post_title":"\u041f\u0440\u0435\u0434\u043b\u043e\u0436\u0438\u0442\u044c \u0442\u0435\u043c\u0443","_eng_post_content":"[contactform]","_eng_post_name":"","_eng_post_excerpt":"","_eng_post_title":"Suggest a topic","_bel_post_content":"[contactform]","_bel_post_name":"","_bel_post_excerpt":"","_bel_post_title":"\u041f\u0440\u0430\u043f\u0430\u043d\u0430\u0432\u0430\u0446\u044c \u0442\u044d\u043c\u0443","_lt_post_content":"","_lt_post_name":"","_lt_post_excerpt":"","_lt_post_title":"Pasi\u016blyti tem\u0105","edit_language":"lt","footnotes":""},"_links":{"self":[{"href":"https:\/\/factcheck.lt\/lt\/wp-json\/wp\/v2\/pages\/1478"}],"collection":[{"href":"https:\/\/factcheck.lt\/lt\/wp-json\/wp\/v2\/pages"}],"about":[{"href":"https:\/\/factcheck.lt\/lt\/wp-json\/wp\/v2\/types\/page"}],"author":[{"embeddable":true,"href":"https:\/\/factcheck.lt\/lt\/wp-json\/wp\/v2\/users\/1"}],"replies":[{"embeddable":true,"href":"https:\/\/factcheck.lt\/lt\/wp-json\/wp\/v2\/comments?post=1478"}],"version-history":[{"count":1,"href":"https:\/\/factcheck.lt\/lt\/wp-json\/wp\/v2\/pages\/1478\/revisions"}],"predecessor-version":[{"id":4075,"href":"https:\/\/factcheck.lt\/lt\/wp-json\/wp\/v2\/pages\/1478\/revisions\/4075"}],"wp:attachment":[{"href":"https:\/\/factcheck.lt\/lt\/wp-json\/wp\/v2\/media?parent=1478"}],"curies":[{"name":"wp","href":"https:\/\/api.w.org\/{rel}","templated":true}]}}